{"id":49,"date":"2013-12-05T22:27:01","date_gmt":"2013-12-05T22:27:01","guid":{"rendered":"http:\/\/balnar.eu\/?page_id=49"},"modified":"2013-12-06T00:35:12","modified_gmt":"2013-12-06T00:35:12","slug":"poskytovane-sluzby","status":"publish","type":"page","link":"https:\/\/balnar.eu\/?page_id=49","title":{"rendered":"Poskytovan\u00e9 slu\u017eby"},"content":{"rendered":"<p>In\u017een\u00fdrsk\u00e1 \u010dinnost ve v\u00fdstavb\u011b<\/p>\n<ul>\n<li>stavebn\u00ed dozory pro ob\u010dany<\/li>\n<li>technick\u00fd dozor investora<\/li>\n<li>technick\u00e1 a poradensk\u00e1 \u010dinnost ve stavebnictv\u00ed<\/li>\n<li>specializace na zateplovac\u00ed syst\u00e9my<\/li>\n<\/ul>\n<p>Znaleck\u00e9 posudky pro:<\/p>\n<ul>\n<li>soudy<\/li>\n<li>pr\u00e1vnick\u00e9 osoby<\/li>\n<li>fyzick\u00e9 osoby<\/li>\n<li>st\u00e1tn\u00ed org\u00e1ny<\/li>\n<\/ul>\n<p>Odhady nemovitost\u00ed<\/p>\n<ul>\n<li>ocen\u011bn\u00ed pro bankovn\u00ed \u00fa\u010dely<\/li>\n<li>stanoven\u00ed tr\u017en\u00ed (obvykl\u00e9) ceny<\/li>\n<\/ul>\n","protected":false},"excerpt":{"rendered":"<p>In\u017een\u00fdrsk\u00e1 \u010dinnost ve v\u00fdstavb\u011b stavebn\u00ed dozory pro ob\u010dany technick\u00fd dozor investora technick\u00e1 a poradensk\u00e1 \u010dinnost ve stavebnictv\u00ed specializace na zateplovac\u00ed syst\u00e9my Znaleck\u00e9 posudky pro: soudy pr\u00e1vnick\u00e9 osoby fyzick\u00e9 osoby st\u00e1tn\u00ed org\u00e1ny Odhady nemovitost\u00ed ocen\u011bn\u00ed pro bankovn\u00ed \u00fa\u010dely stanoven\u00ed tr\u017en\u00ed (obvykl\u00e9) ceny<\/p>\n","protected":false},"author":1,"featured_media":0,"parent":0,"menu_order":2,"comment_status":"open","ping_status":"open","template":"","meta":[],"_links":{"self":[{"href":"https:\/\/balnar.eu\/index.php?rest_route=\/wp\/v2\/pages\/49"}],"collection":[{"href":"https:\/\/balnar.eu\/index.php?rest_route=\/wp\/v2\/pages"}],"about":[{"href":"https:\/\/balnar.eu\/index.php?rest_route=\/wp\/v2\/types\/page"}],"author":[{"embeddable":true,"href":"https:\/\/balnar.eu\/index.php?rest_route=\/wp\/v2\/users\/1"}],"replies":[{"embeddable":true,"href":"https:\/\/balnar.eu\/index.php?rest_route=%2Fwp%2Fv2%2Fcomments&post=49"}],"version-history":[{"count":2,"href":"https:\/\/balnar.eu\/index.php?rest_route=\/wp\/v2\/pages\/49\/revisions"}],"predecessor-version":[{"id":53,"href":"https:\/\/balnar.eu\/index.php?rest_route=\/wp\/v2\/pages\/49\/revisions\/53"}],"wp:attachment":[{"href":"https:\/\/balnar.eu\/index.php?rest_route=%2Fwp%2Fv2%2Fmedia&parent=49"}],"curies":[{"name":"wp","href":"https:\/\/api.w.org\/{rel}","templated":true}]}}