{"id":42,"date":"2013-11-23T11:14:59","date_gmt":"2013-11-23T11:14:59","guid":{"rendered":"http:\/\/balnar.eu\/?page_id=42"},"modified":"2022-01-27T14:34:12","modified_gmt":"2022-01-27T14:34:12","slug":"home","status":"publish","type":"page","link":"https:\/\/balnar.eu\/","title":{"rendered":"\u00davod"},"content":{"rendered":"<p>Soudn\u00ed znalec v oborech:<\/p>\n<ul>\n<li>Ekonomika &#8211; Ceny a odhady nemovitost\u00ed<\/li>\n<li>Stavebnictv\u00ed &#8211; Stavby obytn\u00e9<\/li>\n<\/ul>\n<p>Autorizovan\u00fd in\u017een\u00fdr v oboru:<\/p>\n<ul>\n<li>Pozemn\u00ed stavby<\/li>\n<\/ul>\n<p>Certifikovan\u00fd odhadce pro bankovn\u00ed \u00fa\u010dely<\/p>\n<ul>\n<li>\u010cesk\u00e1 spo\u0159itelna, Komer\u010dn\u00ed banka, Hypote\u010dn\u00ed banka, Raiffeisen bank, Raiffeisen stavebn\u00ed spo\u0159itelna, NEY spo\u0159iteln\u00ed dru\u017estvo<\/li>\n<\/ul>\n<p>V roce 1984 jsem ukon\u010dil studium na fakult\u011b stavebn\u00ed Vysok\u00e9ho u\u010den\u00ed technick\u00e9ho v Brn\u011b. V roce 1994 jsem slo\u017eil autoriza\u010dn\u00ed zkou\u0161ky a stal se autorizovan\u00fdm in\u017een\u00fdrem v oboru Pozemn\u00ed stavby. V roce 1996 jsem byl Krajsk\u00fdm soudem v Ostrav\u011b jmenov\u00e1n znalcem v oboru Ceny a odhady nemovitost\u00ed. Od roku 2009 jsem certifikovan\u00fdm odhadcem majetku pro oce\u0148ov\u00e1n\u00ed nemovitost\u00ed. V roce 2013 byla znaleck\u00e1 \u010dinnost roz\u0161\u00ed\u0159ena o obor Stavby obytn\u00e9. Jsem \u010dlenem Komory soudn\u00edch znalc\u016f (KSZ) a \u010dlenem \u010cesk\u00e9 komory autorizovan\u00fdch in\u017een\u00fdr\u016f a technik\u016f \u010dinn\u00fdch ve v\u00fdstavb\u011b (\u010cKAIT).<\/p>\n","protected":false},"excerpt":{"rendered":"<p>Soudn\u00ed znalec v oborech: Ekonomika &#8211; Ceny a odhady nemovitost\u00ed Stavebnictv\u00ed &#8211; Stavby obytn\u00e9 Autorizovan\u00fd in\u017een\u00fdr v oboru: Pozemn\u00ed stavby Certifikovan\u00fd odhadce pro bankovn\u00ed \u00fa\u010dely \u010cesk\u00e1 spo\u0159itelna, Komer\u010dn\u00ed banka, Hypote\u010dn\u00ed banka, Raiffeisen bank, Raiffeisen stavebn\u00ed spo\u0159itelna, NEY spo\u0159iteln\u00ed dru\u017estvo V roce 1984 jsem ukon\u010dil studium na fakult\u011b stavebn\u00ed Vysok\u00e9ho u\u010den\u00ed technick\u00e9ho v Brn\u011b. V roce<a href=\"https:\/\/balnar.eu\/\">&nbsp;&nbsp;[ Read More ]<\/a><\/p>\n","protected":false},"author":1,"featured_media":0,"parent":0,"menu_order":1,"comment_status":"open","ping_status":"open","template":"","meta":[],"_links":{"self":[{"href":"https:\/\/balnar.eu\/index.php?rest_route=\/wp\/v2\/pages\/42"}],"collection":[{"href":"https:\/\/balnar.eu\/index.php?rest_route=\/wp\/v2\/pages"}],"about":[{"href":"https:\/\/balnar.eu\/index.php?rest_route=\/wp\/v2\/types\/page"}],"author":[{"embeddable":true,"href":"https:\/\/balnar.eu\/index.php?rest_route=\/wp\/v2\/users\/1"}],"replies":[{"embeddable":true,"href":"https:\/\/balnar.eu\/index.php?rest_route=%2Fwp%2Fv2%2Fcomments&post=42"}],"version-history":[{"count":6,"href":"https:\/\/balnar.eu\/index.php?rest_route=\/wp\/v2\/pages\/42\/revisions"}],"predecessor-version":[{"id":85,"href":"https:\/\/balnar.eu\/index.php?rest_route=\/wp\/v2\/pages\/42\/revisions\/85"}],"wp:attachment":[{"href":"https:\/\/balnar.eu\/index.php?rest_route=%2Fwp%2Fv2%2Fmedia&parent=42"}],"curies":[{"name":"wp","href":"https:\/\/api.w.org\/{rel}","templated":true}]}}